{"id":238,"date":"2015-12-16T03:58:17","date_gmt":"2015-12-16T03:58:17","guid":{"rendered":"https:\/\/8degreethemes.com\/demo\/8store-lite\/?page_id=238"},"modified":"2025-11-28T21:22:58","modified_gmt":"2025-11-28T21:22:58","slug":"boxed-home","status":"publish","type":"page","link":"https:\/\/get-your-hatsch.com\/WP\/","title":{"rendered":"Startseite"},"content":{"rendered":"<div id=\"pl-238\"  class=\"panel-layout\" ><div id=\"pg-238-0\"  class=\"panel-grid panel-no-style\" ><div id=\"pgc-238-0-0\"  class=\"panel-grid-cell\" ><div id=\"panel-238-0-0-0\" class=\"so-panel widget widget_sow-headline panel-first-child panel-last-child\" data-index=\"0\" ><div\n\t\t\t\n\t\t\tclass=\"so-widget-sow-headline so-widget-sow-headline-default-ec1eb4cebc48-238\"\n\t\t\t\n\t\t><div class=\"sow-headline-container \">\n\t\t\t\t\t\t\t<h2 class=\"sow-headline\">\n\t\t\t\t\t\tHatsch\t\t\t\t\t\t<\/h2>\n\t\t\t\t\t\t\t\t\t\t\t<div class=\"decoration\">\n\t\t\t\t\t\t<div class=\"decoration-inside\"><\/div>\n\t\t\t\t\t<\/div>\n\t\t\t\t\t<\/div>\n<\/div><\/div><\/div><\/div><div id=\"pg-238-1\"  class=\"panel-grid panel-no-style\" ><div id=\"pgc-238-1-0\"  class=\"panel-grid-cell\" ><div id=\"panel-238-1-0-0\" class=\"so-panel widget widget_circleicon-widget panel-first-child panel-last-child\" data-index=\"1\" >\t\t<div class=\"circle-icon-box circle-icon-position-top circle-icon-hide-box circle-icon-size-small \">\n\t\t\t\t\t\t\t<div class=\"circle-icon-wrapper\">\n\t\t\t\t\t\t\t\t\t\t<div class=\"circle-icon\" >\n\t\t\t\t\t\t\t\t\t\t\t\t\t<div\n\t\t\t\t\t\t\t\tclass=\"fa fa-hand-lizard-o\"\n\t\t\t\t\t\t\t\t\t\t\t\t\t\t\t><\/div>\n\t\t\t\t\t\t\t\t\t\t\t<\/div>\n\t\t\t\t\t\t\t\t\t<\/div>\n\t\t\t\n\t\t\t\t\t\t\t\t\t\t<h4 >\n\t\t\t\t\tHandwerk\t\t\t\t<\/h4>\n\t\t\t\t\t\t\n\t\t\t\t\t\t\t<p class=\"text\" >\n\t\t\t\tWir produzieren alles in liebevoller Handarbeit f\u00fcr DICH. Die Liebe f\u00fcr Details, die Materialit\u00e4t sowie die Nachhaltigkeit sind Kernpunkte unserer Produkte.\t\t\t<\/p>\n\t\t\t\t\t\t\t\t<\/div>\n\t\t<\/div><\/div><div id=\"pgc-238-1-1\"  class=\"panel-grid-cell\" ><div id=\"panel-238-1-1-0\" class=\"so-panel widget widget_circleicon-widget panel-first-child panel-last-child\" data-index=\"2\" >\t\t<div class=\"circle-icon-box circle-icon-position-top circle-icon-hide-box circle-icon-size-small \">\n\t\t\t\t\t\t\t<div class=\"circle-icon-wrapper\">\n\t\t\t\t\t\t\t\t\t\t<div class=\"circle-icon\" >\n\t\t\t\t\t\t\t\t\t\t\t\t\t<div\n\t\t\t\t\t\t\t\tclass=\"fa fa-crosshairs\"\n\t\t\t\t\t\t\t\t\t\t\t\t\t\t\t><\/div>\n\t\t\t\t\t\t\t\t\t\t\t<\/div>\n\t\t\t\t\t\t\t\t\t<\/div>\n\t\t\t\n\t\t\t\t\t\t\t\t\t\t<h4 >\n\t\t\t\t\ttrifft\t\t\t\t<\/h4>\n\t\t\t\t\t\t\n\t\t\t\t\t\t\t<p class=\"text\" >\n\t\t\t\tHandwerk trifft Sch\u00f6nheit - unsere Marke ist unsere Philosophie \t\t\t<\/p>\n\t\t\t\t\t\t\t\t<\/div>\n\t\t<\/div><\/div><div id=\"pgc-238-1-2\"  class=\"panel-grid-cell\" ><div id=\"panel-238-1-2-0\" class=\"so-panel widget widget_circleicon-widget panel-first-child panel-last-child\" data-index=\"3\" >\t\t<div class=\"circle-icon-box circle-icon-position-top circle-icon-hide-box circle-icon-size-small \">\n\t\t\t\t\t\t\t<div class=\"circle-icon-wrapper\">\n\t\t\t\t\t\t\t\t\t\t<div class=\"circle-icon\" >\n\t\t\t\t\t\t\t\t\t\t\t\t\t<div\n\t\t\t\t\t\t\t\tclass=\"fa fa-diamond\"\n\t\t\t\t\t\t\t\t\t\t\t\t\t\t\t><\/div>\n\t\t\t\t\t\t\t\t\t\t\t<\/div>\n\t\t\t\t\t\t\t\t\t<\/div>\n\t\t\t\n\t\t\t\t\t\t\t\t\t\t<h4 >\n\t\t\t\t\tSch\u00f6nheit\t\t\t\t<\/h4>\n\t\t\t\t\t\t\n\t\t\t\t\t\t\t<p class=\"text\" >\n\t\t\t\tWir setzen unsere Ideen mit viel Leidenschaft und Freude um und schaffen so durch handwerkliche Kunst Sch\u00f6nheit - das sp\u00fcrst DU in jedem unserer Produkte.\t\t\t<\/p>\n\t\t\t\t\t\t\t\t<\/div>\n\t\t<\/div><\/div><\/div><div id=\"pg-238-2\"  class=\"panel-grid panel-has-style\" ><div class=\"wide-grey so-rounded siteorigin-panels-stretch panel-row-style panel-row-style-for-238-2\" data-stretch-type=\"full-width-stretch\" ><div id=\"pgc-238-2-0\"  class=\"panel-grid-cell\" ><div id=\"panel-238-2-0-0\" class=\"so-panel widget widget_sow-image panel-first-child panel-last-child\" data-index=\"4\" ><div\n\t\t\t\n\t\t\tclass=\"so-widget-sow-image so-widget-sow-image-default-67acf476d78d-238\"\n\t\t\t\n\t\t>\n<div class=\"sow-image-container\">\n\t\t<img \n\tsrc=\"https:\/\/i0.wp.com\/get-your-hatsch.com\/WP\/wp-content\/uploads\/2025\/11\/Wachsfresser_neu_slide.jpg?fit=1200%2C600&amp;ssl=1\" width=\"1200\" height=\"600\" srcset=\"https:\/\/i0.wp.com\/get-your-hatsch.com\/WP\/wp-content\/uploads\/2025\/11\/Wachsfresser_neu_slide.jpg?w=1200&amp;ssl=1 1200w, https:\/\/i0.wp.com\/get-your-hatsch.com\/WP\/wp-content\/uploads\/2025\/11\/Wachsfresser_neu_slide.jpg?resize=300%2C150&amp;ssl=1 300w, https:\/\/i0.wp.com\/get-your-hatsch.com\/WP\/wp-content\/uploads\/2025\/11\/Wachsfresser_neu_slide.jpg?resize=1024%2C512&amp;ssl=1 1024w, https:\/\/i0.wp.com\/get-your-hatsch.com\/WP\/wp-content\/uploads\/2025\/11\/Wachsfresser_neu_slide.jpg?resize=768%2C384&amp;ssl=1 768w, https:\/\/i0.wp.com\/get-your-hatsch.com\/WP\/wp-content\/uploads\/2025\/11\/Wachsfresser_neu_slide.jpg?resize=960%2C480&amp;ssl=1 960w\" alt=\"\" \t\tclass=\"so-widget-image\"\/>\n\t<\/div>\n\n<\/div><\/div><\/div><div id=\"pgc-238-2-1\"  class=\"panel-grid-cell\" ><div id=\"panel-238-2-1-0\" class=\"so-panel widget widget_headline-widget panel-first-child\" data-index=\"5\" ><div class=\"panel-widget-style panel-widget-style-for-238-2-1-0\" >\t\t<h1>nachhaltig und modern<\/h1>\n\t\t<div class=\"decoration\"><div class=\"decoration-inside\"><\/div><\/div>\n\t\t<h3>hol dir deinen Wachsfresser nach Hause<\/h3>\n\t\t<\/div><\/div><div id=\"panel-238-2-1-1\" class=\"so-panel widget widget_sow-button panel-last-child\" data-index=\"6\" ><div\n\t\t\t\n\t\t\tclass=\"so-widget-sow-button so-widget-sow-button-flat-78e749eeefbc-238\"\n\t\t\t\n\t\t><div class=\"ow-button-base ow-button-align-center\"\n>\n\t\t\t<a\n\t\t\t\t\thref=\"https:\/\/get-your-hatsch.com\/WP\/wachsfresser\/\"\n\t\t\t\t\tclass=\"sowb-button ow-icon-placement-left ow-button-hover\" \t>\n\t\t<span>\n\t\t\t\n\t\t\terfahre mehr...\t\t<\/span>\n\t\t\t<\/a>\n\t<\/div>\n<\/div><\/div><\/div><\/div><\/div><div id=\"pg-238-3\"  class=\"panel-grid panel-has-style\" ><div class=\"wide-grey so-rounded siteorigin-panels-stretch panel-row-style panel-row-style-for-238-3\" data-stretch-type=\"full-width-stretch\" ><div id=\"pgc-238-3-0\"  class=\"panel-grid-cell\" ><div id=\"panel-238-3-0-0\" class=\"so-panel widget widget_headline-widget panel-first-child\" data-index=\"7\" ><div class=\"panel-widget-style panel-widget-style-for-238-3-0-0\" >\t\t<h1>Jahreskalender<\/h1>\n\t\t<div class=\"decoration\"><div class=\"decoration-inside\"><\/div><\/div>\n\t\t<h3>verschenke 2026<\/h3>\n\t\t<\/div><\/div><div id=\"panel-238-3-0-1\" class=\"so-panel widget widget_sow-button panel-last-child\" data-index=\"8\" ><div\n\t\t\t\n\t\t\tclass=\"so-widget-sow-button so-widget-sow-button-flat-fcd3c5b077e2-238\"\n\t\t\t\n\t\t><div class=\"ow-button-base ow-button-align-center\"\n>\n\t\t\t<a\n\t\t\t\t\thref=\"https:\/\/get-your-hatsch.com\/WP\/jahreskalender\/\"\n\t\t\t\t\tclass=\"sowb-button ow-icon-placement-left ow-button-hover\" \t>\n\t\t<span>\n\t\t\t\n\t\t\terfahre mehr...\t\t<\/span>\n\t\t\t<\/a>\n\t<\/div>\n<\/div><\/div><\/div><div id=\"pgc-238-3-1\"  class=\"panel-grid-cell\" ><div id=\"panel-238-3-1-0\" class=\"so-panel widget widget_sow-image panel-first-child panel-last-child\" data-index=\"9\" ><div\n\t\t\t\n\t\t\tclass=\"so-widget-sow-image so-widget-sow-image-default-67acf476d78d-238\"\n\t\t\t\n\t\t>\n<div class=\"sow-image-container\">\n\t\t<img \n\tsrc=\"https:\/\/i0.wp.com\/get-your-hatsch.com\/WP\/wp-content\/uploads\/2025\/11\/Jahreskalender_2026_hatsch_slide_2.jpg?fit=1200%2C600&amp;ssl=1\" width=\"1200\" height=\"600\" srcset=\"https:\/\/i0.wp.com\/get-your-hatsch.com\/WP\/wp-content\/uploads\/2025\/11\/Jahreskalender_2026_hatsch_slide_2.jpg?w=1200&amp;ssl=1 1200w, https:\/\/i0.wp.com\/get-your-hatsch.com\/WP\/wp-content\/uploads\/2025\/11\/Jahreskalender_2026_hatsch_slide_2.jpg?resize=300%2C150&amp;ssl=1 300w, https:\/\/i0.wp.com\/get-your-hatsch.com\/WP\/wp-content\/uploads\/2025\/11\/Jahreskalender_2026_hatsch_slide_2.jpg?resize=1024%2C512&amp;ssl=1 1024w, https:\/\/i0.wp.com\/get-your-hatsch.com\/WP\/wp-content\/uploads\/2025\/11\/Jahreskalender_2026_hatsch_slide_2.jpg?resize=768%2C384&amp;ssl=1 768w, https:\/\/i0.wp.com\/get-your-hatsch.com\/WP\/wp-content\/uploads\/2025\/11\/Jahreskalender_2026_hatsch_slide_2.jpg?resize=960%2C480&amp;ssl=1 960w\" alt=\"\" \t\tclass=\"so-widget-image\"\/>\n\t<\/div>\n\n<\/div><\/div><\/div><\/div><\/div><div id=\"pg-238-4\"  class=\"panel-grid panel-has-style\" ><div class=\"wide-grey so-rounded siteorigin-panels-stretch panel-row-style panel-row-style-for-238-4\" data-stretch-type=\"full-width-stretch\" ><div id=\"pgc-238-4-0\"  class=\"panel-grid-cell\" ><div id=\"panel-238-4-0-0\" class=\"so-panel widget widget_sow-image panel-first-child panel-last-child\" data-index=\"10\" ><div\n\t\t\t\n\t\t\tclass=\"so-widget-sow-image so-widget-sow-image-default-67acf476d78d-238\"\n\t\t\t\n\t\t>\n<div class=\"sow-image-container\">\n\t\t<img \n\tsrc=\"https:\/\/i0.wp.com\/get-your-hatsch.com\/WP\/wp-content\/uploads\/2023\/06\/Paracord_olive_Anker_1200x600.jpg?fit=1200%2C600&amp;ssl=1\" width=\"1200\" height=\"600\" srcset=\"https:\/\/i0.wp.com\/get-your-hatsch.com\/WP\/wp-content\/uploads\/2023\/06\/Paracord_olive_Anker_1200x600.jpg?w=1200&amp;ssl=1 1200w, https:\/\/i0.wp.com\/get-your-hatsch.com\/WP\/wp-content\/uploads\/2023\/06\/Paracord_olive_Anker_1200x600.jpg?resize=300%2C150&amp;ssl=1 300w, https:\/\/i0.wp.com\/get-your-hatsch.com\/WP\/wp-content\/uploads\/2023\/06\/Paracord_olive_Anker_1200x600.jpg?resize=1024%2C512&amp;ssl=1 1024w, https:\/\/i0.wp.com\/get-your-hatsch.com\/WP\/wp-content\/uploads\/2023\/06\/Paracord_olive_Anker_1200x600.jpg?resize=768%2C384&amp;ssl=1 768w, https:\/\/i0.wp.com\/get-your-hatsch.com\/WP\/wp-content\/uploads\/2023\/06\/Paracord_olive_Anker_1200x600.jpg?resize=960%2C480&amp;ssl=1 960w\" alt=\"\" \t\tclass=\"so-widget-image\"\/>\n\t<\/div>\n\n<\/div><\/div><\/div><div id=\"pgc-238-4-1\"  class=\"panel-grid-cell\" ><div id=\"panel-238-4-1-0\" class=\"so-panel widget widget_headline-widget panel-first-child\" data-index=\"11\" ><div class=\"panel-widget-style panel-widget-style-for-238-4-1-0\" >\t\t<h1>individuell<\/h1>\n\t\t<div class=\"decoration\"><div class=\"decoration-inside\"><\/div><\/div>\n\t\t<h3>Lass dir Deine Wunschgravur lasern<\/h3>\n\t\t<\/div><\/div><div id=\"panel-238-4-1-1\" class=\"so-panel widget widget_sow-button panel-last-child\" data-index=\"12\" ><div\n\t\t\t\n\t\t\tclass=\"so-widget-sow-button so-widget-sow-button-flat-78e749eeefbc-238\"\n\t\t\t\n\t\t><div class=\"ow-button-base ow-button-align-center\"\n>\n\t\t\t<a\n\t\t\t\t\thref=\"https:\/\/get-your-hatsch.com\/WP\/paracord-armband-mit-holzperle\/\"\n\t\t\t\t\tclass=\"sowb-button ow-icon-placement-left ow-button-hover\" \t>\n\t\t<span>\n\t\t\t\n\t\t\terfahre mehr...\t\t<\/span>\n\t\t\t<\/a>\n\t<\/div>\n<\/div><\/div><\/div><\/div><\/div><div id=\"pg-238-5\"  class=\"panel-grid panel-has-style\" ><div class=\"wide-grey so-rounded siteorigin-panels-stretch panel-row-style panel-row-style-for-238-5\" data-stretch-type=\"full-width-stretch\" ><div id=\"pgc-238-5-0\"  class=\"panel-grid-cell\" ><div id=\"panel-238-5-0-0\" class=\"so-panel widget widget_headline-widget panel-first-child\" data-index=\"13\" ><div class=\"panel-widget-style panel-widget-style-for-238-5-0-0\" >\t\t<h1>be.you.tiful<\/h1>\n\t\t<div class=\"decoration\"><div class=\"decoration-inside\"><\/div><\/div>\n\t\t<h3>Handgekn\u00fcpfte Armb\u00e4nder mit Halbedelsteinen<\/h3>\n\t\t<\/div><\/div><div id=\"panel-238-5-0-1\" class=\"so-panel widget widget_sow-button panel-last-child\" data-index=\"14\" ><div\n\t\t\t\n\t\t\tclass=\"so-widget-sow-button so-widget-sow-button-flat-fcd3c5b077e2-238\"\n\t\t\t\n\t\t><div class=\"ow-button-base ow-button-align-center\"\n>\n\t\t\t<a\n\t\t\t\t\thref=\"https:\/\/get-your-hatsch.com\/WP\/makramee-armband\/\"\n\t\t\t\t\tclass=\"sowb-button ow-icon-placement-left ow-button-hover\" \t>\n\t\t<span>\n\t\t\t\n\t\t\terfahre mehr...\t\t<\/span>\n\t\t\t<\/a>\n\t<\/div>\n<\/div><\/div><\/div><div id=\"pgc-238-5-1\"  class=\"panel-grid-cell\" ><div id=\"panel-238-5-1-0\" class=\"so-panel widget widget_sow-image panel-first-child panel-last-child\" data-index=\"15\" ><div\n\t\t\t\n\t\t\tclass=\"so-widget-sow-image so-widget-sow-image-default-67acf476d78d-238\"\n\t\t\t\n\t\t>\n<div class=\"sow-image-container\">\n\t\t<img \n\tsrc=\"https:\/\/i0.wp.com\/get-your-hatsch.com\/WP\/wp-content\/uploads\/2023\/04\/DSF1072-scaled-e1686650892414.jpg?fit=1084%2C723&amp;ssl=1\" width=\"1084\" height=\"723\" srcset=\"https:\/\/i0.wp.com\/get-your-hatsch.com\/WP\/wp-content\/uploads\/2023\/04\/DSF1072-scaled-e1686650892414.jpg?w=1084&amp;ssl=1 1084w, https:\/\/i0.wp.com\/get-your-hatsch.com\/WP\/wp-content\/uploads\/2023\/04\/DSF1072-scaled-e1686650892414.jpg?resize=300%2C200&amp;ssl=1 300w, https:\/\/i0.wp.com\/get-your-hatsch.com\/WP\/wp-content\/uploads\/2023\/04\/DSF1072-scaled-e1686650892414.jpg?resize=1024%2C683&amp;ssl=1 1024w, https:\/\/i0.wp.com\/get-your-hatsch.com\/WP\/wp-content\/uploads\/2023\/04\/DSF1072-scaled-e1686650892414.jpg?resize=768%2C512&amp;ssl=1 768w, https:\/\/i0.wp.com\/get-your-hatsch.com\/WP\/wp-content\/uploads\/2023\/04\/DSF1072-scaled-e1686650892414.jpg?resize=272%2C182&amp;ssl=1 272w\" title=\"DSF1072\" alt=\"\" \t\tclass=\"so-widget-image\"\/>\n\t<\/div>\n\n<\/div><\/div><\/div><\/div><\/div><div id=\"pg-238-6\"  class=\"panel-grid panel-has-style\" ><div class=\"panel-row-style panel-row-style-for-238-6\" ><div id=\"pgc-238-6-0\"  class=\"panel-grid-cell\" ><div id=\"panel-238-6-0-0\" class=\"so-panel widget widget_sow-social-media-buttons panel-first-child panel-last-child\" data-index=\"16\" ><div\n\t\t\t\n\t\t\tclass=\"so-widget-sow-social-media-buttons so-widget-sow-social-media-buttons-wire-bc67a1ef3bf6-238\"\n\t\t\t\n\t\t>\n\n<div class=\"social-media-button-container\">\n\t\n\t\t<a class=\"sow-social-media-button-facebook-0 sow-social-media-button\" title=\"hatsch - Handwerk trifft Sch\u00f6nheit on Facebook\" aria-label=\"hatsch - Handwerk trifft Sch\u00f6nheit on Facebook\" target=\"_blank\" rel=\"noopener noreferrer\" href=\"https:\/\/www.facebook.com\/hatsch.handwerk.trifft.schoenheit\">\n\t\t\t<span>\n\t\t\t\t\t\t\t\t<span class=\"sow-icon-fontawesome sow-fab\" data-sow-icon=\"&#xf39e;\"\n\t\t \n\t\taria-hidden=\"true\"><\/span>\t\t\t\t\t\t\t<\/span>\n\t\t<\/a>\n\t\n\t\t<a class=\"sow-social-media-button-instagram-0 sow-social-media-button\" title=\"hatsch - Handwerk trifft Sch\u00f6nheit on Instagram\" aria-label=\"hatsch - Handwerk trifft Sch\u00f6nheit on Instagram\" target=\"_blank\" rel=\"noopener noreferrer\" href=\"https:\/\/instagram.com\/get_your_hatsch\">\n\t\t\t<span>\n\t\t\t\t\t\t\t\t<span class=\"sow-icon-fontawesome sow-fab\" data-sow-icon=\"&#xf16d;\"\n\t\t \n\t\taria-hidden=\"true\"><\/span>\t\t\t\t\t\t\t<\/span>\n\t\t<\/a>\n\t<\/div>\n<\/div><\/div><\/div><\/div><\/div><\/div>","protected":false},"excerpt":{"rendered":"<p>Hatsch Handwerk Wir produzieren alles in liebevoller Handarbeit f\u00fcr DICH. Die Liebe f\u00fcr Details, die Materialit\u00e4t sowie die Nachhaltigkeit sind Kernpunkte unserer Produkte. trifft Handwerk trifft Sch\u00f6nheit &#8211; unsere Marke ist unsere Philosophie Sch\u00f6nheit Wir setzen unsere Ideen mit viel Leidenschaft und Freude um und schaffen so durch handwerkliche Kunst Sch\u00f6nheit &#8211; das sp\u00fcrst DU [&hellip;]<\/p>\n","protected":false},"author":1,"featured_media":0,"parent":0,"menu_order":0,"comment_status":"closed","ping_status":"closed","template":"","meta":{"footnotes":""},"class_list":["post-238","page","type-page","status-publish","hentry","post"],"jetpack-related-posts":[],"jetpack_sharing_enabled":true,"_links":{"self":[{"href":"https:\/\/get-your-hatsch.com\/WP\/wp-json\/wp\/v2\/pages\/238","targetHints":{"allow":["GET"]}}],"collection":[{"href":"https:\/\/get-your-hatsch.com\/WP\/wp-json\/wp\/v2\/pages"}],"about":[{"href":"https:\/\/get-your-hatsch.com\/WP\/wp-json\/wp\/v2\/types\/page"}],"author":[{"embeddable":true,"href":"https:\/\/get-your-hatsch.com\/WP\/wp-json\/wp\/v2\/users\/1"}],"replies":[{"embeddable":true,"href":"https:\/\/get-your-hatsch.com\/WP\/wp-json\/wp\/v2\/comments?post=238"}],"version-history":[{"count":53,"href":"https:\/\/get-your-hatsch.com\/WP\/wp-json\/wp\/v2\/pages\/238\/revisions"}],"predecessor-version":[{"id":2010,"href":"https:\/\/get-your-hatsch.com\/WP\/wp-json\/wp\/v2\/pages\/238\/revisions\/2010"}],"wp:attachment":[{"href":"https:\/\/get-your-hatsch.com\/WP\/wp-json\/wp\/v2\/media?parent=238"}],"curies":[{"name":"wp","href":"https:\/\/api.w.org\/{rel}","templated":true}]}}