{"id":1231,"date":"2023-06-26T13:59:57","date_gmt":"2023-06-26T13:59:57","guid":{"rendered":"https:\/\/get-your-hatsch.com\/WP\/?post_type=product&#038;p=1231"},"modified":"2024-12-18T12:05:00","modified_gmt":"2024-12-18T12:05:00","slug":"fotokartenstaender","status":"publish","type":"product","link":"https:\/\/get-your-hatsch.com\/WP\/produkt\/fotokartenstaender\/","title":{"rendered":"Fotokartenst\u00e4nder"},"content":{"rendered":"<p>Set aus 2 Fotokartenst\u00e4nder aus Buchenholz. Gib deinen Fotos, Karten oder Botschaften Deiner Liebsten endlich den Platz, den sie verdienen. Mit diesem St\u00e4nder liegen sie nicht mehr nur rum, sondern werden in einem sehr sch\u00f6nen Kartenst\u00e4nder pr\u00e4sentiert. Gerne auch kombiniert mit Trockenblumen oder \u00e4hnlichem.<\/p>\n","protected":false},"excerpt":{"rendered":"<p>Ein Set aus 2 Fotokartenst\u00e4ndern aus Buchenholz, graviert mit 2 verschieden Spr\u00fcchen.<\/p>\n","protected":false},"featured_media":1213,"comment_status":"open","ping_status":"closed","template":"","meta":{"jetpack_publicize_message":"","jetpack_publicize_feature_enabled":true,"jetpack_social_post_already_shared":false,"jetpack_social_options":{"image_generator_settings":{"template":"highway","default_image_id":0,"font":"","enabled":false},"version":2}},"product_brand":[],"product_cat":[71],"product_tag":[75,72,73,74],"class_list":{"0":"post-1231","1":"product","2":"type-product","3":"status-publish","4":"has-post-thumbnail","6":"product_cat-dekoration","7":"product_tag-buchenholz","8":"product_tag-fotokartenstaender","9":"product_tag-kartenstaender","10":"product_tag-trockenblumenstaender","11":"post","12":"post-with-thumbnail","13":"post-with-thumbnail-large","15":"first","16":"instock","17":"shipping-taxable","18":"purchasable","19":"product-type-variable"},"jetpack_publicize_connections":[],"jetpack-related-posts":[],"jetpack_sharing_enabled":true,"_links":{"self":[{"href":"https:\/\/get-your-hatsch.com\/WP\/wp-json\/wp\/v2\/product\/1231","targetHints":{"allow":["GET"]}}],"collection":[{"href":"https:\/\/get-your-hatsch.com\/WP\/wp-json\/wp\/v2\/product"}],"about":[{"href":"https:\/\/get-your-hatsch.com\/WP\/wp-json\/wp\/v2\/types\/product"}],"replies":[{"embeddable":true,"href":"https:\/\/get-your-hatsch.com\/WP\/wp-json\/wp\/v2\/comments?post=1231"}],"wp:featuredmedia":[{"embeddable":true,"href":"https:\/\/get-your-hatsch.com\/WP\/wp-json\/wp\/v2\/media\/1213"}],"wp:attachment":[{"href":"https:\/\/get-your-hatsch.com\/WP\/wp-json\/wp\/v2\/media?parent=1231"}],"wp:term":[{"taxonomy":"product_brand","embeddable":true,"href":"https:\/\/get-your-hatsch.com\/WP\/wp-json\/wp\/v2\/product_brand?post=1231"},{"taxonomy":"product_cat","embeddable":true,"href":"https:\/\/get-your-hatsch.com\/WP\/wp-json\/wp\/v2\/product_cat?post=1231"},{"taxonomy":"product_tag","embeddable":true,"href":"https:\/\/get-your-hatsch.com\/WP\/wp-json\/wp\/v2\/product_tag?post=1231"}],"curies":[{"name":"wp","href":"https:\/\/api.w.org\/{rel}","templated":true}]}}