{"id":1691,"date":"2024-11-14T11:08:49","date_gmt":"2024-11-14T11:08:49","guid":{"rendered":"https:\/\/get-your-hatsch.com\/WP\/?post_type=product&#038;p=1691"},"modified":"2024-12-18T11:47:51","modified_gmt":"2024-12-18T11:47:51","slug":"weihnachtskrippe","status":"publish","type":"product","link":"https:\/\/get-your-hatsch.com\/WP\/produkt\/weihnachtskrippe\/","title":{"rendered":"Weihnachtskrippe"},"content":{"rendered":"<h2>Weihnachtskrippe<\/h2>\n<p>Diese handgefertigte Weihnachtskrippe aus <strong>hellem Nadelholz<\/strong> besticht durch ihre schlichte und zugleich ausdrucksstarke Gestaltung. Die minimalistische Darstellung besteht aus drei Figuren: Joseph (ca. 25 cm hoch), Maria (ca. 20 cm hoch) und dem kleinen Jesuskind (ca. 7 cm lang). Jede Figur ist in klaren, einfachen Linien gehalten, die sich auf die wesentlichen Formen beschr\u00e4nken und dabei die ruhige und besinnliche Stimmung der Weihnachtsszene einfangen.<\/p>\n<p>Das helle Nadelholz verleiht der Krippe eine nat\u00fcrliche, warme Ausstrahlung und unterstreicht den <strong>puristischen Stil<\/strong>. Ohne zus\u00e4tzliche Details lenken die glatten, sanft geschliffenen Oberfl\u00e4chen die Aufmerksamkeit auf das Wesentliche: <strong>die Heilige Familie in ihrer schlichten Sch\u00f6nheit<\/strong>. Diese reduzierte Krippe f\u00fcgt sich harmonisch in jedes weihnachtliche Ambiente ein und setzt auf zeitlose Eleganz, die Tradition und modernes Design in sich vereint.<\/p>\n<p>Wir sch\u00fctzen diese ganz besondere Krippe mit einer fast vergessenen Technik: der Behandlung mit <strong>Seifenlauge<\/strong>.<\/p>\n<p>Diese traditionelle Technik, die besonders in skandinavischen L\u00e4ndern weit verbreitet ist. Sie bietet zahlreiche Vorteile und verleiht dem Holz eine charakteristische, nat\u00fcrliche \u00c4sthetik:<\/p>\n<h3>Vorteile und Eigenschaften:<\/h3>\n<ol>\n<li><strong>Heller, nat\u00fcrlicher Look<\/strong>: Die Seifenlauge hellt das Holz auf und bewahrt seine nat\u00fcrliche, matte Optik, ohne es zu verf\u00e4rben. Mit der Zeit entwickelt das Holz eine sanfte, leicht wei\u00dfliche Patina, die ihm einen einzigartigen skandinavischen Charme verleiht.<\/li>\n<li><strong>Schutz vor Schmutz und Feuchtigkeit<\/strong>: Seifenlauge bildet eine sch\u00fctzende Schicht auf der Holzoberfl\u00e4che, die Schmutz und Feuchtigkeit abweist. Die Seifenl\u00f6sung dringt in die Poren ein und verhindert, dass Flecken tief in das Holz eindringen. So bleibt das Holz l\u00e4nger sauber und widerstandsf\u00e4hig gegen Alltagsspuren.<\/li>\n<li><strong>Umweltfreundlichkeit<\/strong>: Im Vergleich zu chemischen Lacken oder Versiegelungen ist Seifenlauge eine nat\u00fcrliche und ungiftige Alternative. Sie besteht oft aus nat\u00fcrlichen Inhaltsstoffen und ist daher f\u00fcr den Einsatz in Innenr\u00e4umen, auch bei Kinderm\u00f6beln, unbedenklich.<\/li>\n<li><strong>Angenehme Haptik<\/strong>: Die Seifenbehandlung bewahrt die angenehme, weiche Haptik des Holzes, die durch das regelm\u00e4\u00dfige Auftragen der Seife noch glatter und geschmeidiger wird. Das Holz f\u00fchlt sich warm und nat\u00fcrlich an, was gerade bei M\u00f6beln und Fu\u00dfb\u00f6den von Vorteil ist.<\/li>\n<li><strong>Einfache Pflege und Erneuerung<\/strong>: Die Seifenbehandlung kann einfach aufgefrischt werden, indem das Holz erneut mit Seifenlauge behandelt wird. Es ist eine unkomplizierte Methode, die das Holz langfristig pflegt und sch\u00fctzt, ohne dass aufwendige Nachbearbeitungen n\u00f6tig sind.<\/li>\n<\/ol>\n<h3>Ursprung der Technik:<\/h3>\n<p>Die Technik der Holzseifenbehandlung stammt aus Skandinavien und hat eine lange Tradition in der nordischen Holzverarbeitung. Sie wurde vor allem f\u00fcr helle H\u00f6lzer wie Kiefer oder Fichte verwendet, die typisch f\u00fcr die Region sind und die skandinavischen Innenr\u00e4ume in ihrem nat\u00fcrlichen Zustand versch\u00f6nern sollten. Dieser Ansatz, der die Sch\u00f6nheit des unbehandelten Holzes bewahrt, spiegelt die skandinavische Vorliebe f\u00fcr nat\u00fcrliche Materialien, Schlichtheit und Funktionalit\u00e4t wider, was genau passend f\u00fcr unsere Weihnachtskrippe ist.<\/p>\n<p>Jede Krippe kann mit einem Holzstab versehen werden, an dessen Ende ein Stern prangt &#8211; f\u00fcr noch ein bisschen mehr <strong>Weihnachtsfeeling<\/strong>.<\/p>\n","protected":false},"excerpt":{"rendered":"<p>Weihnachtskrippe aus Nadelholz, mit Stern, H\u00f6he ca. 25cm (mit Stern ca. 45cm).<\/p>\n","protected":false},"featured_media":1725,"comment_status":"open","ping_status":"closed","template":"","meta":{"jetpack_publicize_message":"","jetpack_publicize_feature_enabled":true,"jetpack_social_post_already_shared":true,"jetpack_social_options":{"image_generator_settings":{"template":"highway","default_image_id":0,"font":"","enabled":false},"version":2}},"product_brand":[],"product_cat":[71,87],"product_tag":[93,125,123,121,124,127,122,126,120],"class_list":{"0":"post-1691","1":"product","2":"type-product","3":"status-publish","4":"has-post-thumbnail","6":"product_cat-dekoration","7":"product_cat-weihnachten","8":"product_tag-holz","9":"product_tag-jesus","10":"product_tag-joseph","11":"product_tag-krippe","12":"product_tag-maria","13":"product_tag-puristisch","14":"product_tag-seifenlauge","15":"product_tag-stern","16":"product_tag-weihnachtskrippe","17":"post","18":"post-with-thumbnail","19":"post-with-thumbnail-large","21":"first","22":"instock","23":"shipping-taxable","24":"purchasable","25":"product-type-simple"},"jetpack_publicize_connections":[],"jetpack-related-posts":[],"jetpack_sharing_enabled":true,"_links":{"self":[{"href":"https:\/\/get-your-hatsch.com\/WP\/wp-json\/wp\/v2\/product\/1691","targetHints":{"allow":["GET"]}}],"collection":[{"href":"https:\/\/get-your-hatsch.com\/WP\/wp-json\/wp\/v2\/product"}],"about":[{"href":"https:\/\/get-your-hatsch.com\/WP\/wp-json\/wp\/v2\/types\/product"}],"replies":[{"embeddable":true,"href":"https:\/\/get-your-hatsch.com\/WP\/wp-json\/wp\/v2\/comments?post=1691"}],"wp:featuredmedia":[{"embeddable":true,"href":"https:\/\/get-your-hatsch.com\/WP\/wp-json\/wp\/v2\/media\/1725"}],"wp:attachment":[{"href":"https:\/\/get-your-hatsch.com\/WP\/wp-json\/wp\/v2\/media?parent=1691"}],"wp:term":[{"taxonomy":"product_brand","embeddable":true,"href":"https:\/\/get-your-hatsch.com\/WP\/wp-json\/wp\/v2\/product_brand?post=1691"},{"taxonomy":"product_cat","embeddable":true,"href":"https:\/\/get-your-hatsch.com\/WP\/wp-json\/wp\/v2\/product_cat?post=1691"},{"taxonomy":"product_tag","embeddable":true,"href":"https:\/\/get-your-hatsch.com\/WP\/wp-json\/wp\/v2\/product_tag?post=1691"}],"curies":[{"name":"wp","href":"https:\/\/api.w.org\/{rel}","templated":true}]}}