{"id":1839,"date":"2024-11-21T09:46:09","date_gmt":"2024-11-21T09:46:09","guid":{"rendered":"https:\/\/get-your-hatsch.com\/WP\/?post_type=product&#038;p=1839"},"modified":"2025-12-17T19:53:21","modified_gmt":"2025-12-17T19:53:21","slug":"weisses-armband-mit-anker-symbol","status":"publish","type":"product","link":"https:\/\/get-your-hatsch.com\/WP\/produkt\/weisses-armband-mit-anker-symbol\/","title":{"rendered":"wei\u00dfes Armband mit Anker Symbol silbern"},"content":{"rendered":"<h2>Armband gekn\u00fcpft mit Anker Symbol<\/h2>\n<p>Unsere filigranen Armb\u00e4nder werden alle handgekn\u00fcpft und passen dank eines verschieblichen Verschlusses an jedes Handgelenk. Bei diesem Armband haben wir eine wei\u00dfe Schnur verwendet. Bei dem Anh\u00e4nger handelt es sich um Modeschmuck &#8211; hier um ein Ankersymbol das f\u00fcr Stabilit\u00e4t, Sicherheit, Hoffnung und Liebe steht.<\/p>\n<p>Suchst du vielleicht etwas gr\u00f6beres? Versuche es doch mit einem unserer <a href=\"https:\/\/get-your-hatsch.com\/WP\/paracord-armband-mit-holzperle\/\">Paracord-Armb\u00e4nder<\/a>.<\/p>\n<h2>Makra-was?<\/h2>\n<p><em>&#8222;Das heutige kunstvolle Makramee ist eine Kn\u00fcpftechnik, die ihren Ursprung im Orient hat. Im arabischen bedeutet \u201eMigramah\u201c soviel wie \u201eWeben\u201c.<\/em><br \/>\n<em>Mit Hilfe des Knoten Kn\u00fcpfens wurden damals Teppiche, Ornamente oder Schmuck hergestellt. Vor vielen Jahren wurde diese Technik von Kreuzrittern \u00fcber Spanien nach Europa gebracht.<\/em><\/p>\n<p><em>Aber auch lange Zeit vor der kunstvollen Form von Makramee, gab es auf der ganzen Welt Kn\u00fcpftechniken. Fr\u00fcher wurde das \u201eKnoten\u201c eher mit etwas N\u00fctzlichem verbunden. Werkzeuge wurden mit der Hilfe von Knoten hergestellt, Netze und Taschen dienten zur Aufbewahrung oder zum Transport von Waren. In Japan hat man beispielsweise mit Hilfe von Knotentechniken Fischernetze hergestellt.<\/em><\/p>\n<p><em>Selbst in verschiedenen Religionen, wie dem Buddhismus, findet man Kn\u00fcpftechniken in Form von gekn\u00fcpften Str\u00e4ngen, welche die Gew\u00e4nder von Geistlicher schm\u00fccken. In fr\u00fcheren Jahrhundert diente die Methode auch zur Versch\u00f6nerung von Kleidung und erfreute sich so an gro\u00dfer Beliebtheit.<\/em><\/p>\n<p><em>Seit ihrem Ursprung hat sich die Kn\u00fcpftechnik in der ganzen Welt verbreitet und weiterentwickelt. In jeder Region und Kultur wurde diese Kunst auf eine ganz eigene Art und Weise interpretiert und weitergeben.<\/em><br \/>\n<em>So findet man beispielsweise Makramee auch in China in Form von beliebten Gl\u00fccksbringern zum Neujahrsfest. In Lateinamerika dient die Technik \u00fcberwiegend der Herstellung von Schmuck.&#8220; Quelle <a href=\"https:\/\/blog.myboshi.net\/makramee\/#:~:text=Inspiration%20f%C3%BCr%20Anf%C3%A4ngerprojekte-,Was%20ist%20Makramee%20und%20wo%20kommt%20es%20her%3F,Teppiche%2C%20Ornamente%20oder%20Schmuck%20hergestellt.\" target=\"_blank\" rel=\"noopener\">blog.myboshi.net<\/a><\/em><\/p>\n<p>&nbsp;<\/p>\n","protected":false},"excerpt":{"rendered":"<p>Handgekn\u00fcpftes, wei\u00dfes Makrameearmband mit einem silbernen Anh\u00e4nger (Anker)<\/p>\n","protected":false},"featured_media":1807,"comment_status":"open","ping_status":"closed","template":"","meta":{"jetpack_publicize_message":"","jetpack_publicize_feature_enabled":true,"jetpack_social_post_already_shared":true,"jetpack_social_options":{"image_generator_settings":{"template":"highway","default_image_id":0,"font":"","enabled":false},"version":2}},"product_brand":[],"product_cat":[56,149],"product_tag":[151,48,62,150,137],"class_list":{"0":"post-1839","1":"product","2":"type-product","3":"status-publish","4":"has-post-thumbnail","6":"product_cat-armbaender_frauen","7":"product_cat-symbol","8":"product_tag-anker","9":"product_tag-armband","10":"product_tag-handgeknuepft","11":"product_tag-symbol","12":"product_tag-weiss","13":"post","14":"post-with-thumbnail","15":"post-with-thumbnail-large","17":"first","18":"outofstock","19":"shipping-taxable","20":"purchasable","21":"product-type-simple"},"jetpack_publicize_connections":[],"jetpack-related-posts":[],"jetpack_sharing_enabled":true,"_links":{"self":[{"href":"https:\/\/get-your-hatsch.com\/WP\/wp-json\/wp\/v2\/product\/1839","targetHints":{"allow":["GET"]}}],"collection":[{"href":"https:\/\/get-your-hatsch.com\/WP\/wp-json\/wp\/v2\/product"}],"about":[{"href":"https:\/\/get-your-hatsch.com\/WP\/wp-json\/wp\/v2\/types\/product"}],"replies":[{"embeddable":true,"href":"https:\/\/get-your-hatsch.com\/WP\/wp-json\/wp\/v2\/comments?post=1839"}],"wp:featuredmedia":[{"embeddable":true,"href":"https:\/\/get-your-hatsch.com\/WP\/wp-json\/wp\/v2\/media\/1807"}],"wp:attachment":[{"href":"https:\/\/get-your-hatsch.com\/WP\/wp-json\/wp\/v2\/media?parent=1839"}],"wp:term":[{"taxonomy":"product_brand","embeddable":true,"href":"https:\/\/get-your-hatsch.com\/WP\/wp-json\/wp\/v2\/product_brand?post=1839"},{"taxonomy":"product_cat","embeddable":true,"href":"https:\/\/get-your-hatsch.com\/WP\/wp-json\/wp\/v2\/product_cat?post=1839"},{"taxonomy":"product_tag","embeddable":true,"href":"https:\/\/get-your-hatsch.com\/WP\/wp-json\/wp\/v2\/product_tag?post=1839"}],"curies":[{"name":"wp","href":"https:\/\/api.w.org\/{rel}","templated":true}]}}